{"id":9,"date":"2018-07-30T08:40:12","date_gmt":"2018-07-30T08:40:12","guid":{"rendered":"https:\/\/arbaelo.de\/?page_id=9"},"modified":"2018-12-09T10:01:52","modified_gmt":"2018-12-09T10:01:52","slug":"startseite","status":"publish","type":"page","link":"https:\/\/arbaelo.de\/","title":{"rendered":"Startseite"},"content":{"rendered":"<h1>Wir hei\u00dfen Sie herzlich willkommen bei<br \/>\nArbaelo Foodpack GmbH in L\u00fcbeck.<\/h1>\n<p>Die Firma <strong>Arbaelo Foodpack GmbH<\/strong>&nbsp;gibt es seit 2008 in&nbsp;<b>L\u00fcbeck<\/b>.<br \/>\nNach mehr als 10 Jahren Erfahrung im Handel mit Lebensmitteln auf Wochenm\u00e4rkten haben wir uns entschlossen in L\u00fcbeck sesshaft zu werden und sind seit dem<br \/>\neiner der&nbsp;<b>f\u00fchrenden Lebensmittel Gro\u00dfh\u00e4ndler<\/b>&nbsp;geworden.<\/p>\n<p>Lange Erfahrung und ein&nbsp;<b>reichhaltiges immer frisches Angebot<\/b>&nbsp;an Lebensmitteln und Verpackungsmaterial<br \/>\nsorgen f\u00fcr einen zufriedenen und wachsenden Kundenstamm.<\/p>\n<p>Verschaffen Sie sich einen kleinen \u00dcberblick unserer Waren in unserem <a href=\"https:\/\/arbaelo.de\/?page_id=13\">Produktkatalog <\/a>oder<br \/>\nkommen Sie uns einfach besuchen.<\/p>\n<p><b>Ihr Arbaelo Team<\/b><\/p>\n","protected":false},"excerpt":{"rendered":"<p>Wir hei\u00dfen Sie herzlich willkommen bei Arbaelo Foodpack GmbH in L\u00fcbeck. Die Firma Arbaelo Foodpack GmbH&nbsp;gibt es seit 2008 in&nbsp;L\u00fcbeck. Nach mehr als 10 Jahren Erfahrung im Handel mit Lebensmitteln auf Wochenm\u00e4rkten haben wir uns entschlossen in L\u00fcbeck sesshaft zu werden und sind seit dem einer der&nbsp;f\u00fchrenden Lebensmittel Gro\u00dfh\u00e4ndler&nbsp;geworden. Lange Erfahrung und ein&nbsp;reichhaltiges immer frisches<\/p><\/div>\n<div class=\"blog-btn\"><a href=\"https:\/\/arbaelo.de\/\" class=\"home-blog-btn\">Weiterlesen<\/a><\/p>\n","protected":false},"author":1,"featured_media":0,"parent":0,"menu_order":0,"comment_status":"closed","ping_status":"closed","template":"template-business.php","meta":{"footnotes":""},"class_list":["post-9","page","type-page","status-publish","hentry"],"_links":{"self":[{"href":"https:\/\/arbaelo.de\/index.php?rest_route=\/wp\/v2\/pages\/9","targetHints":{"allow":["GET"]}}],"collection":[{"href":"https:\/\/arbaelo.de\/index.php?rest_route=\/wp\/v2\/pages"}],"about":[{"href":"https:\/\/arbaelo.de\/index.php?rest_route=\/wp\/v2\/types\/page"}],"author":[{"embeddable":true,"href":"https:\/\/arbaelo.de\/index.php?rest_route=\/wp\/v2\/users\/1"}],"replies":[{"embeddable":true,"href":"https:\/\/arbaelo.de\/index.php?rest_route=%2Fwp%2Fv2%2Fcomments&post=9"}],"version-history":[{"count":5,"href":"https:\/\/arbaelo.de\/index.php?rest_route=\/wp\/v2\/pages\/9\/revisions"}],"predecessor-version":[{"id":107,"href":"https:\/\/arbaelo.de\/index.php?rest_route=\/wp\/v2\/pages\/9\/revisions\/107"}],"wp:attachment":[{"href":"https:\/\/arbaelo.de\/index.php?rest_route=%2Fwp%2Fv2%2Fmedia&parent=9"}],"curies":[{"name":"wp","href":"https:\/\/api.w.org\/{rel}","templated":true}]}}